{"id":19,"date":"2021-04-15T09:23:24","date_gmt":"2021-04-15T09:23:24","guid":{"rendered":"https:\/\/hwoy.fi\/?page_id=19"},"modified":"2024-05-27T06:58:04","modified_gmt":"2024-05-27T06:58:04","slug":"yhteystiedot","status":"publish","type":"page","link":"https:\/\/hwoy.fi\/index.php\/yhteystiedot\/","title":{"rendered":"Yhteystiedot"},"content":{"rendered":"<p>[et_pb_section fb_built=&#8221;1&#8243; custom_padding_last_edited=&#8221;on|phone&#8221; _builder_version=&#8221;4.16&#8243; _module_preset=&#8221;default&#8221; custom_padding=&#8221;||0px|||&#8221; custom_padding_tablet=&#8221;&#8221; custom_padding_phone=&#8221;66px||0px||false|false&#8221; global_colors_info=&#8221;{}&#8221;][et_pb_row _builder_version=&#8221;4.16&#8243; _module_preset=&#8221;default&#8221; custom_padding=&#8221;||6px|||&#8221; global_colors_info=&#8221;{}&#8221;][et_pb_column type=&#8221;4_4&#8243; _builder_version=&#8221;4.16&#8243; _module_preset=&#8221;default&#8221; global_colors_info=&#8221;{}&#8221;][et_pb_text _builder_version=&#8221;4.16&#8243; _module_preset=&#8221;default&#8221; header_2_font=&#8221;|700||on|||||&#8221; global_colors_info=&#8221;{}&#8221;]<\/p>\n<h2 style=\"text-align: center;\">Yhteystiedot<\/h2>\n<p>&nbsp;<\/p>\n<p style=\"text-align: center;\">[\/et_pb_text][\/et_pb_column][\/et_pb_row][\/et_pb_section][et_pb_section fb_built=&#8221;1&#8243; prev_background_color=&#8221;#ffffff&#8221; _builder_version=&#8221;4.16&#8243; _module_preset=&#8221;default&#8221; background_color=&#8221;#f7f7f7&#8243; custom_padding=&#8221;53px||45px|||&#8221; top_divider_style=&#8221;mountains&#8221; global_colors_info=&#8221;{}&#8221;][et_pb_row column_structure=&#8221;1_2,1_2&#8243; _builder_version=&#8221;4.16&#8243; _module_preset=&#8221;default&#8221; custom_margin=&#8221;54px|auto||auto||&#8221; global_colors_info=&#8221;{}&#8221;][et_pb_column type=&#8221;1_2&#8243; _builder_version=&#8221;4.16&#8243; _module_preset=&#8221;default&#8221; global_colors_info=&#8221;{}&#8221;][et_pb_text _builder_version=&#8221;4.16&#8243; _module_preset=&#8221;default&#8221; text_line_height=&#8221;1.9em&#8221; header_2_font=&#8221;|700||on|||||&#8221; header_2_font_size=&#8221;25px&#8221; header_2_font_size_tablet=&#8221;&#8221; header_2_font_size_phone=&#8221;24px&#8221; header_2_font_size_last_edited=&#8221;on|phone&#8221; global_colors_info=&#8221;{}&#8221;]<\/p>\n<h2 style=\"text-align: center;\">Honkajoki Works Oy<\/h2>\n<p>&nbsp;<\/p>\n<p style=\"text-align: center;\">Kankaanp\u00e4\u00e4ntie 372<br \/>38950 Honkajoki<br \/>Asiakaspalvelu@hwoy.fi<br \/>Puh +358 2528 8200<\/p>\n<p style=\"text-align: center;\"><strong><\/strong><\/p>\n<p style=\"text-align: center;\"><strong>Verkkolaskutustiedot<\/strong><br \/>Y-tunnus: 1584872-5<br \/>Apix Messaging Oy (003723327487)<br \/>OVT-tunnus: 003715848725<br \/>Verkkolaskuosoite: 003715848725<br \/>S\u00e4hk\u00f6postilaskut:<br \/>003715848725@procountor.apix.fi<\/p>\n<p style=\"text-align: center;\"><strong><\/strong><\/p>\n<p style=\"text-align: center;\"><strong>Palvelemme:<\/strong><br \/>Ma-To klo. 07.00 &#8211; 15.30<br \/>Pe klo. 06.00 &#8211; 14.30<br \/>La suljettu<br \/>Su suljettu<\/p>\n<p>[\/et_pb_text][\/et_pb_column][et_pb_column type=&#8221;1_2&#8243; _builder_version=&#8221;4.16&#8243; _module_preset=&#8221;default&#8221; global_colors_info=&#8221;{}&#8221;][et_pb_text _builder_version=&#8221;4.20.4&#8243; _module_preset=&#8221;default&#8221; text_line_height=&#8221;1.9em&#8221; header_2_font=&#8221;|700||on|||||&#8221; header_2_font_size=&#8221;25px&#8221; custom_margin_tablet=&#8221;&#8221; custom_margin_phone=&#8221;47px||||false|false&#8221; custom_margin_last_edited=&#8221;on|phone&#8221; hover_enabled=&#8221;0&#8243; global_colors_info=&#8221;{}&#8221; sticky_enabled=&#8221;0&#8243;]<\/p>\n<h2 style=\"text-align: center;\">Henkil\u00f6st\u00f6<\/h2>\n<p>&nbsp;<\/p>\n<p style=\"text-align: center;\"><strong>Toimitusjohtaja (Myynti, tuotanto ja suunnittelu)<\/strong><br \/>Toni Laitolahti<br \/>0400-939715<\/p>\n<p style=\"text-align: center;\"><strong><\/strong><\/p>\n<p style=\"text-align: center;\"><strong>Myynti, toimisto<\/strong><br \/>Timo V\u00e4h\u00e4santanen<br \/>040-3008543<\/p>\n<p style=\"text-align: center;\">\n<p style=\"text-align: center;\"><strong>Myynti<\/strong><br \/>Iida Ylikoski<br \/>040-6469882<\/p>\n<p style=\"text-align: center;\"><strong><\/strong><\/p>\n<p style=\"text-align: center;\"><strong>S\u00e4hk\u00f6postit<\/strong><\/p>\n<p style=\"text-align: center;\">Etunimi.sukunimi@hwoy.fi<br \/>Asiakaspalvelu@hwoy.fi<\/p>\n<p>[\/et_pb_text][\/et_pb_column][\/et_pb_row][et_pb_row _builder_version=&#8221;4.16&#8243; _module_preset=&#8221;default&#8221; width_tablet=&#8221;&#8221; width_phone=&#8221;85%&#8221; width_last_edited=&#8221;on|phone&#8221; custom_margin=&#8221;25px|auto||auto||&#8221; global_colors_info=&#8221;{}&#8221;][et_pb_column type=&#8221;4_4&#8243; _builder_version=&#8221;4.16&#8243; _module_preset=&#8221;default&#8221; global_colors_info=&#8221;{}&#8221;][et_pb_code _builder_version=&#8221;4.16&#8243; _module_preset=&#8221;default&#8221; global_colors_info=&#8221;{}&#8221;]<iframe src=\"https:\/\/www.google.com\/maps\/embed?pb=!1m18!1m12!1m3!1d1875.037422279064!2d22.21940321618037!3d61.96858618265884!2m3!1f0!2f0!3f0!3m2!1i1024!2i768!4f13.1!3m3!1m2!1s0x4688f82a1704bded%3A0x10a011ab2c758c8b!2sHonkajoki%20Works%20Oy!5e0!3m2!1sen!2see!4v1619115368901!5m2!1sen!2see\" width=\"1600\" height=\"500\" style=\"border:0;\" allowfullscreen=\"\" loading=\"lazy\"><\/iframe>[\/et_pb_code][\/et_pb_column][\/et_pb_row][\/et_pb_section]<\/p>\n","protected":false},"excerpt":{"rendered":"<p>Yhteystiedot &nbsp; Honkajoki Works Oy &nbsp; Kankaanp\u00e4\u00e4ntie 37238950 HonkajokiAsiakaspalvelu@hwoy.fiPuh +358 2528 8200 VerkkolaskutustiedotY-tunnus: 1584872-5Apix Messaging Oy (003723327487)OVT-tunnus: 003715848725Verkkolaskuosoite: 003715848725S\u00e4hk\u00f6postilaskut:003715848725@procountor.apix.fi Palvelemme:Ma-To klo. 07.00 &#8211; 15.30Pe klo. 06.00 &#8211; 14.30La suljettuSu suljettuHenkil\u00f6st\u00f6 &nbsp; Toimitusjohtaja (Myynti, tuotanto ja suunnittelu)Toni Laitolahti0400-939715 Myynti, toimistoTimo V\u00e4h\u00e4santanen040-3008543 MyyntiIida Ylikoski040-6469882 S\u00e4hk\u00f6postit Etunimi.sukunimi@hwoy.fiAsiakaspalvelu@hwoy.fi<\/p>\n","protected":false},"author":1,"featured_media":0,"parent":0,"menu_order":0,"comment_status":"closed","ping_status":"closed","template":"","meta":{"_et_pb_use_builder":"on","_et_pb_old_content":"<!-- wp:divi\/placeholder \/-->","_et_gb_content_width":""},"_links":{"self":[{"href":"https:\/\/hwoy.fi\/index.php\/wp-json\/wp\/v2\/pages\/19"}],"collection":[{"href":"https:\/\/hwoy.fi\/index.php\/wp-json\/wp\/v2\/pages"}],"about":[{"href":"https:\/\/hwoy.fi\/index.php\/wp-json\/wp\/v2\/types\/page"}],"author":[{"embeddable":true,"href":"https:\/\/hwoy.fi\/index.php\/wp-json\/wp\/v2\/users\/1"}],"replies":[{"embeddable":true,"href":"https:\/\/hwoy.fi\/index.php\/wp-json\/wp\/v2\/comments?post=19"}],"version-history":[{"count":24,"href":"https:\/\/hwoy.fi\/index.php\/wp-json\/wp\/v2\/pages\/19\/revisions"}],"predecessor-version":[{"id":2579,"href":"https:\/\/hwoy.fi\/index.php\/wp-json\/wp\/v2\/pages\/19\/revisions\/2579"}],"wp:attachment":[{"href":"https:\/\/hwoy.fi\/index.php\/wp-json\/wp\/v2\/media?parent=19"}],"curies":[{"name":"wp","href":"https:\/\/api.w.org\/{rel}","templated":true}]}}